{"id":2941,"date":"2026-01-25T17:03:34","date_gmt":"2026-01-25T17:03:34","guid":{"rendered":"https:\/\/lagomedical.ch\/site\/?page_id=2941"},"modified":"2026-01-25T17:03:34","modified_gmt":"2026-01-25T17:03:34","slug":"mentions-legales-confidentialite","status":"publish","type":"page","link":"https:\/\/lagomedical.ch\/site\/fr\/mentions-legales-confidentialite\/","title":{"rendered":"Mentions L\u00e9gales &#038; Confidentialit\u00e9"},"content":{"rendered":"<h2 data-path-to-node=\"3\">Mentions L\u00e9gales<\/h2>\n<p data-path-to-node=\"4\"><b data-path-to-node=\"4\" data-index-in-node=\"0\">LagoMedical GmbH<\/b> Seepark 1<\/p>\n<p data-path-to-node=\"5\">9422 Staad<\/p>\n<p data-path-to-node=\"6\">Suisse<\/p>\n<p data-path-to-node=\"7\"><b data-path-to-node=\"7\" data-index-in-node=\"0\">E-mail :<\/b> office@lagomedical.ch<\/p>\n<p data-path-to-node=\"8\"><b data-path-to-node=\"8\" data-index-in-node=\"0\">T\u00e9l :<\/b> +41 81 515 29 40<\/p>\n<p data-path-to-node=\"9\"><b data-path-to-node=\"9\" data-index-in-node=\"0\">Objet social :<\/b> Commerce de dispositifs m\u00e9dicaux de toutes sortes. La soci\u00e9t\u00e9 peut participer \u00e0 d&#8217;autres entreprises, acqu\u00e9rir des brevets, des licences et d&#8217;autres valeurs immat\u00e9rielles, ainsi qu&#8217;acqu\u00e9rir, grever, ali\u00e9ner et g\u00e9rer des biens immobiliers en Suisse et \u00e0 l&#8217;\u00e9tranger.<\/p>\n<p data-path-to-node=\"10\"><b data-path-to-node=\"10\" data-index-in-node=\"0\">Inscription au registre du commerce :<\/b> 01.02.2016<\/p>\n<p data-path-to-node=\"11\"><b data-path-to-node=\"11\" data-index-in-node=\"0\">Si\u00e8ge social :<\/b> Thal (SG)<\/p>\n<p data-path-to-node=\"12\"><b data-path-to-node=\"12\" data-index-in-node=\"0\">Forme juridique :<\/b> Soci\u00e9t\u00e9 \u00e0 responsabilit\u00e9 limit\u00e9e (S.\u00e0 r.l. \/ GmbH)<\/p>\n<p data-path-to-node=\"13\"><b data-path-to-node=\"13\" data-index-in-node=\"0\">IDE (UID) :<\/b> CHE-329.466.378<\/p>\n<p data-path-to-node=\"14\"><b data-path-to-node=\"14\" data-index-in-node=\"0\">Num\u00e9ro du registre du commerce :<\/b> CH-320.4.079.376-6<\/p>\n<p data-path-to-node=\"15\"><b data-path-to-node=\"15\" data-index-in-node=\"0\">Office du registre du commerce :<\/b> Canton de Saint-Gall<\/p>\n<p data-path-to-node=\"16\"><b data-path-to-node=\"16\" data-index-in-node=\"0\">Associ\u00e9s :<\/b> Thomas Beyer, Helmut Caspers<\/p>\n<p data-path-to-node=\"17\"><b data-path-to-node=\"17\" data-index-in-node=\"0\">Direction :<\/b> Thomas Beyer, Helmut Caspers<\/p>\n<hr data-path-to-node=\"18\" \/>\n<h2 data-path-to-node=\"19\">Politique de confidentialit\u00e9<\/h2>\n<h3 data-path-to-node=\"20\">Protection des donn\u00e9es<\/h3>\n<p data-path-to-node=\"21\">Nous prenons la protection de vos donn\u00e9es personnelles tr\u00e8s au s\u00e9rieux. Nous traitons vos donn\u00e9es personnelles de mani\u00e8re confidentielle et conform\u00e9ment aux dispositions l\u00e9gales en mati\u00e8re de protection des donn\u00e9es ainsi qu&#8217;\u00e0 la pr\u00e9sente d\u00e9claration de confidentialit\u00e9.<\/p>\n<p data-path-to-node=\"22\">L&#8217;utilisation de notre site web est g\u00e9n\u00e9ralement possible sans fournir de donn\u00e9es personnelles. Dans la mesure o\u00f9 des donn\u00e9es personnelles (par exemple le nom, l&#8217;adresse ou les adresses e-mail) sont collect\u00e9es sur nos pages, cela se fait, dans la mesure du possible, toujours sur une base volontaire. Ces donn\u00e9es ne seront pas transmises \u00e0 des tiers sans votre consentement expr\u00e8s.<\/p>\n<p data-path-to-node=\"23\">Nous attirons votre attention sur le fait que la transmission de donn\u00e9es sur Internet (par exemple lors de la communication par e-mail) peut pr\u00e9senter des failles de s\u00e9curit\u00e9. Une protection compl\u00e8te des donn\u00e9es contre l&#8217;acc\u00e8s par des tiers n&#8217;est pas possible.<\/p>\n<h3 data-path-to-node=\"24\">Cookies<\/h3>\n<p data-path-to-node=\"25\">Certaines pages Internet utilisent ce que l&#8217;on appelle des cookies. Les cookies ne causent aucun dommage \u00e0 votre ordinateur et ne contiennent pas de virus. Ils servent \u00e0 rendre notre offre plus conviviale, plus efficace et plus s\u00fbre. Les cookies sont de petits fichiers texte qui sont d\u00e9pos\u00e9s sur votre terminal et que votre navigateur enregistre.<\/p>\n<p data-path-to-node=\"26\">La plupart des cookies que nous utilisons sont des &#8222;cookies de session&#8220;. Ils sont automatiquement supprim\u00e9s \u00e0 la fin de votre visite. D&#8217;autres cookies restent enregistr\u00e9s sur votre terminal jusqu&#8217;\u00e0 ce que vous les supprimiez. Ces cookies nous permettent de reconna\u00eetre votre navigateur lors de votre prochaine visite.<\/p>\n<p data-path-to-node=\"27\">Vous pouvez configurer votre navigateur de mani\u00e8re \u00e0 \u00eatre inform\u00e9 de l&#8217;installation de cookies et \u00e0 n&#8217;autoriser les cookies qu&#8217;au cas par cas, \u00e0 exclure l&#8217;acceptation de cookies dans certains cas ou de mani\u00e8re g\u00e9n\u00e9rale, ainsi qu&#8217;\u00e0 activer la suppression automatique des cookies \u00e0 la fermeture du navigateur. En cas de d\u00e9sactivation des cookies, la fonctionnalit\u00e9 de ce site web peut \u00eatre limit\u00e9e.<\/p>\n<h3 data-path-to-node=\"28\">Fichiers journaux du serveur (Server-Log-Files)<\/h3>\n<p data-path-to-node=\"29\">Le fournisseur des pages (h\u00e9bergeur) collecte et stocke automatiquement des <span class=\"citation-383 citation-end-383\">informations dans des fichiers journaux de serveur que votre navigateur nous transmet automatiquement. Il s&#8217;agit de :<\/span><\/p>\n<div class=\"source-inline-chip-container ng-star-inserted\"><\/div>\n<p>&nbsp;<\/p>\n<ul data-path-to-node=\"30\">\n<li>\n<p data-path-to-node=\"30,0,0\"><span class=\"citation-382 citation-end-382\">Type et version du navigateur<\/span><\/p>\n<div class=\"source-inline-chip-container ng-star-inserted\"><\/div>\n<p>&nbsp;<\/li>\n<li>\n<p data-path-to-node=\"30,1,0\"><span class=\"citation-381 citation-end-381\">Syst\u00e8me d&#8217;exploitation utilis\u00e9<\/span><\/p>\n<div class=\"source-inline-chip-container ng-star-inserted\"><\/div>\n<p>&nbsp;<\/li>\n<li>\n<p data-path-to-node=\"30,2,0\"><span class=\"citation-380\">URL de r\u00e9f\u00e9rence<\/span><span class=\"citation-378 citation-379 citation-380 citation-end-380\"> (Referrer URL)<\/span><\/p>\n<div class=\"source-inline-chip-container ng-star-inserted\"><\/div>\n<div class=\"source-inline-chip-container ng-star-inserted\"><\/div>\n<div class=\"source-inline-chip-container ng-star-inserted\"><\/div>\n<p>&nbsp;<\/li>\n<li>\n<p data-path-to-node=\"30,3,0\"><span class=\"citation-375 citation-376 citation-377 citation-end-377\">Nom d&#8217;h<\/span><span class=\"citation-375 citation-376 citation-end-376\">\u00f4te de l&#8217;ordinateur acc\u00e9dant<\/span><\/p>\n<div class=\"source-inline-chip-container ng-star-inserted\"><\/div>\n<div class=\"source-inline-chip-container ng-star-inserted\"><\/div>\n<div class=\"source-inline-chip-container ng-star-inserted\"><\/div>\n<p>&nbsp;<\/li>\n<li>\n<p data-path-to-node=\"30,4,0\"><span class=\"citation-373 citation-374 citation-end-374\">Heure de la requ\u00eate du serveur<\/span><\/p>\n<div class=\"source-inline-chip-container ng-star-inserted\"><\/div>\n<div class=\"source-inline-chip-container ng-star-inserted\"><\/div>\n<p>&nbsp;<\/li>\n<\/ul>\n<p data-path-to-node=\"31\"><span class=\"citation-371 citation-372 citation-end-372\">Ces donn\u00e9es ne sont pas attribuables \u00e0 des personnes pr\u00e9cises. Un regroupement de ces donn\u00e9es avec d&#8217;autres sources de donn\u00e9es n&#8217;est pas effectu\u00e9. Nous nous r\u00e9servons le droit de v\u00e9rifier ces<\/span><span class=\"citation-371 citation-end-371\"> donn\u00e9es ult\u00e9rieurement si nous avons connaissance d&#8217;ind<\/span>ices concrets d&#8217;une utilisation ill\u00e9gale.<\/p>\n<div class=\"source-inline-chip-container ng-star-inserted\"><\/div>\n<div class=\"source-inline-chip-container ng-star-inserted\"><\/div>\n<p>&nbsp;<\/p>\n<h3 data-path-to-node=\"32\">Formulaire de contact<\/h3>\n<p data-path-to-node=\"33\">Si vous nous faites parvenir des demandes via le formulaire de contact, vos donn\u00e9es figurant dans le formulaire de demande, y compris les coordonn\u00e9es que vous y avez indiqu\u00e9es, seront enregistr\u00e9es chez nous \u00e0 des fins de traitement de la demande et en cas de questions compl\u00e9mentaires. Nous ne transmettons pas ces donn\u00e9es sans votre consentement.<\/p>\n<h3 data-path-to-node=\"34\">Droit d&#8217;acc\u00e8s, de suppression et de verrouillage<\/h3>\n<p data-path-to-node=\"35\">Vous avez \u00e0 tout moment le droit d&#8217;obtenir gratuitement des informations sur vos donn\u00e9es personnelles enregistr\u00e9es, leur origine et leur destinataire ainsi que sur le but du traitement des donn\u00e9es, ainsi qu&#8217;un droit de rectification, de verrouillage ou de suppression de ces donn\u00e9es. Pour cela, ainsi que pour toute autre question relative aux donn\u00e9es personnelles, vous pouvez nous contacter \u00e0 tout moment \u00e0 l&#8217;adresse indiqu\u00e9e dans les mentions l\u00e9gales.<\/p>","protected":false},"excerpt":{"rendered":"<p>Mentions L\u00e9gales LagoMedical GmbH Seepark 1 9422 Staad Suisse E-mail : office@lagomedical.ch T\u00e9l : +41 81 515 29 40 Objet social : Commerce de dispositifs m\u00e9dicaux de toutes sortes. La soci\u00e9t\u00e9 peut participer \u00e0 d&#8217;autres entreprises, acqu\u00e9rir des brevets, des licences et d&#8217;autres valeurs immat\u00e9rielles, ainsi qu&#8217;acqu\u00e9rir, grever, ali\u00e9ner et g\u00e9rer des biens immobiliers en [&hellip;]<\/p>\n","protected":false},"author":1,"featured_media":0,"parent":0,"menu_order":0,"comment_status":"closed","ping_status":"closed","template":"","meta":{"_bbp_topic_count":0,"_bbp_reply_count":0,"_bbp_total_topic_count":0,"_bbp_total_reply_count":0,"_bbp_voice_count":0,"_bbp_anonymous_reply_count":0,"_bbp_topic_count_hidden":0,"_bbp_reply_count_hidden":0,"_bbp_forum_subforum_count":0,"iawp_total_views":0,"footnotes":""},"class_list":["post-2941","page","type-page","status-publish","hentry"],"_links":{"self":[{"href":"https:\/\/lagomedical.ch\/site\/wp-json\/wp\/v2\/pages\/2941","targetHints":{"allow":["GET"]}}],"collection":[{"href":"https:\/\/lagomedical.ch\/site\/wp-json\/wp\/v2\/pages"}],"about":[{"href":"https:\/\/lagomedical.ch\/site\/wp-json\/wp\/v2\/types\/page"}],"author":[{"embeddable":true,"href":"https:\/\/lagomedical.ch\/site\/wp-json\/wp\/v2\/users\/1"}],"replies":[{"embeddable":true,"href":"https:\/\/lagomedical.ch\/site\/wp-json\/wp\/v2\/comments?post=2941"}],"version-history":[{"count":1,"href":"https:\/\/lagomedical.ch\/site\/wp-json\/wp\/v2\/pages\/2941\/revisions"}],"predecessor-version":[{"id":2942,"href":"https:\/\/lagomedical.ch\/site\/wp-json\/wp\/v2\/pages\/2941\/revisions\/2942"}],"wp:attachment":[{"href":"https:\/\/lagomedical.ch\/site\/wp-json\/wp\/v2\/media?parent=2941"}],"curies":[{"name":"wp","href":"https:\/\/api.w.org\/{rel}","templated":true}]}}