{"id":723,"date":"2016-07-24T08:49:07","date_gmt":"2016-07-24T08:49:07","guid":{"rendered":"http:\/\/lagomedical.ch\/site\/?page_id=723"},"modified":"2026-01-25T17:07:20","modified_gmt":"2026-01-25T17:07:20","slug":"impressum","status":"publish","type":"page","link":"https:\/\/lagomedical.ch\/site\/impressum\/","title":{"rendered":"Impressum"},"content":{"rendered":"<div class=\"row\">\n<div class=\"rlabel\"><strong>LagoMedical GmbH<\/strong><\/div>\n<div class=\"rlabel\">Seepark 1<\/div>\n<div class=\"rlabel\">\n<p>9422 Staad<\/p>\n<p>E:Mail: office@lagomedical.ch<\/p>\n<\/div>\n<div class=\"rlabel\">\n<p>Tel: +41 81 515 29 40<\/p>\n<p>Zweck:\u00a0Handel mit Medizinprodukten aller Art. Die Gesellschaft kann sich an anderen Unternehmen beteiligen, Patente, Lizenzen und andere immaterielle Werte erwerben sowie im In- und Ausland Grundeigentum erwerben, belasten, ver\u00e4ussern und verwalten.<\/p>\n<p>Eintrag ins Handelsregister:\u00a001.02.2016<br \/>\nRechtssitz der Firma:\u00a0Thal (SG)<br \/>\nRechtsform: Ges. mit beschr\u00e4nkter Haftung<\/p>\n<p>UID:\u00a0CHE-329.466.378<br \/>\nHandelsregister-Nummer: CH-320.4.079.376-6<br \/>\nHandelsregisteramt: Kanton St. Gallen<\/p>\n<p>Gesellschafter:<br \/>\nBeyer Thomas<a href=\"http:\/\/www.moneyhouse.ch\/p\/caspers_helmut-13809349\/index.htm\">,<\/a> Caspers Helmut<br \/>\nGesch\u00e4ftsleitung:<br \/>\nBeyer Thomas, Caspers Helmut<\/p>\n<\/div>\n<h2 data-fontsize=\"30\" data-lineheight=\"36\"><\/h2>\n<h2 data-fontsize=\"30\" data-lineheight=\"36\">Datenschutzerkl\u00e4rung<\/h2>\n<h4 data-fontsize=\"16\" data-lineheight=\"35\">Datenschutz<\/h4>\n<p>Wir nehmen\u00a0den Schutz Ihrer pers\u00f6nlichen Daten sehr ernst. Wir behandeln Ihre personenbezogenen Daten vertraulich und entsprechend der gesetzlichen Datenschutzvorschriften sowie dieser Datenschutzerkl\u00e4rung.<\/p>\n<p>Die Nutzung unserer Webseite ist in der Regel ohne Angabe personenbezogener Daten m\u00f6glich. Soweit auf unseren Seiten personenbezogene Daten (beispielsweise Name, Anschrift oder E-Mail-Adressen) erhoben werden, erfolgt dies, soweit m\u00f6glich, stets auf freiwilliger Basis. Diese Daten werden ohne Ihre ausdr\u00fcckliche Zustimmung nicht an Dritte weitergegeben.<\/p>\n<p>Wir weisen darauf hin, dass die Daten\u00fcbertragung im Internet (z.B. bei der Kommunikation per E-Mail) Sicherheitsl\u00fccken aufweisen kann. Ein l\u00fcckenloser Schutz der Daten vor dem Zugriff durch Dritte ist nicht m\u00f6glich.<\/p>\n<p>&nbsp;<\/p>\n<h4 data-fontsize=\"16\" data-lineheight=\"35\">Cookies<\/h4>\n<p>Homepages\u00a0verwenden teilweise so genannte Cookies. Cookies richten auf Ihrem Rechner keinen Schaden an und enthalten keine Viren. Cookies dienen dazu, das\u00a0Angebot nutzerfreundlicher und sicherer zu machen. Cookies sind kleine Textdateien, die auf Ihrem Endger\u00e4t\u00a0abgelegt werden und die Ihr Browser speichert.<\/p>\n<p>Die meisten der von uns verwendeten Cookies sind so genannte \u201eSession-Cookies\u201c. Sie werden nach Ende Ihres Besuchs unserer Homepage automatisch gel\u00f6scht. Andere Cookies bleiben auf Ihrem Endger\u00e4t gespeichert, bis Sie diese selbst l\u00f6schen. Diese Cookies erm\u00f6glichen es uns, Ihren Browser beim n\u00e4chsten Besuch wiederzuerkennen.<\/p>\n<p>Sie k\u00f6nnen Ihren Browser so einstellen, dass Sie \u00fcber das Setzen von Cookies informiert werden und Cookies nur im Einzelfall erlauben, die Annahme von Cookies f\u00fcr bestimmte F\u00e4lle oder generell ausschlie\u00dfen sowie das automatische L\u00f6schen der Cookies beim Schlie\u00dfen des Browser aktivieren. Bei der Deaktivierung von Cookies kann die Funktionalit\u00e4t unserer\u00a0Website eingeschr\u00e4nkt sein.<\/p>\n<p>&nbsp;<\/p>\n<h4 data-fontsize=\"16\" data-lineheight=\"35\">Server-Log-Files<\/h4>\n<p>Der Provider der Seiten (Hoster) erhebt und speichert automatisch Informationen in so genannten Server-Log Files, die Ihr Browser automatisch an uns \u00fcbermittelt. Dies sind:<\/p>\n<ul>\n<li>Browsertyp und Browserversion<\/li>\n<li>verwendetes Betriebssystem<\/li>\n<li>Referrer URL<\/li>\n<li>Hostname des zugreifenden Rechners<\/li>\n<li>Uhrzeit der Serveranfrage<\/li>\n<\/ul>\n<p>Diese Daten sind nicht Ihnen oder bestimmten Personen zuordenbar. Eine Zusammenf\u00fchrung dieser Daten mit anderen Datenquellen wird nicht vorgenommen. Wir behalten uns vor, diese Daten nachtr\u00e4glich zu pr\u00fcfen, wenn uns konkrete Anhaltspunkte f\u00fcr eine rechtswidrige Nutzung bekannt werden.<\/p>\n<p>&nbsp;<\/p>\n<h4 data-fontsize=\"16\" data-lineheight=\"35\">Kontaktformular<\/h4>\n<p>Wenn Sie uns Anfragen \u00fcber die Homepage zukommen lassen, werden Ihre Angaben aus dem Anfrageformular inklusive der von Ihnen dort angegebenen Kontaktdaten zwecks Bearbeitung der Anfrage und f\u00fcr den Fall von Anschlussfragen bei uns gespeichert. Diese Daten geben wir nicht ohne Ihre Einwilligung weiter.<\/p>\n<p>&nbsp;<\/p>\n<h4 data-fontsize=\"16\" data-lineheight=\"35\">Auskunft, L\u00f6schung, Sperrung<\/h4>\n<p>Sie haben jederzeit das Recht auf unentgeltliche Auskunft \u00fcber Ihre gespeicherten personenbezogenen Daten, deren Herkunft und Empf\u00e4nger und den Zweck der Datenverarbeitung sowie ein Recht auf Berichtigung, Sperrung oder L\u00f6schung dieser Daten. Hierzu sowie zu weiteren Fragen zum Thema personenbezogene Daten k\u00f6nnen Sie sich jederzeit unter der im Impressum angegebenen Adresse uns kontaktieren.<\/p>\n<\/div>","protected":false},"excerpt":{"rendered":"<p>LagoMedical GmbH Seepark 1 9422 Staad E:Mail: office@lagomedical.ch Tel: +41 81 515 29 40 Zweck:\u00a0Handel mit Medizinprodukten aller Art. Die Gesellschaft kann sich an anderen Unternehmen beteiligen, Patente, Lizenzen und andere immaterielle Werte erwerben sowie im In- und Ausland Grundeigentum erwerben, belasten, ver\u00e4ussern und verwalten. Eintrag ins Handelsregister:\u00a001.02.2016 Rechtssitz der Firma:\u00a0Thal (SG) Rechtsform: Ges. mit [&hellip;]<\/p>\n","protected":false},"author":1,"featured_media":0,"parent":0,"menu_order":0,"comment_status":"closed","ping_status":"closed","template":"","meta":{"_bbp_topic_count":0,"_bbp_reply_count":0,"_bbp_total_topic_count":0,"_bbp_total_reply_count":0,"_bbp_voice_count":0,"_bbp_anonymous_reply_count":0,"_bbp_topic_count_hidden":0,"_bbp_reply_count_hidden":0,"_bbp_forum_subforum_count":0,"iawp_total_views":29,"footnotes":""},"class_list":["post-723","page","type-page","status-publish","hentry"],"_links":{"self":[{"href":"https:\/\/lagomedical.ch\/site\/wp-json\/wp\/v2\/pages\/723","targetHints":{"allow":["GET"]}}],"collection":[{"href":"https:\/\/lagomedical.ch\/site\/wp-json\/wp\/v2\/pages"}],"about":[{"href":"https:\/\/lagomedical.ch\/site\/wp-json\/wp\/v2\/types\/page"}],"author":[{"embeddable":true,"href":"https:\/\/lagomedical.ch\/site\/wp-json\/wp\/v2\/users\/1"}],"replies":[{"embeddable":true,"href":"https:\/\/lagomedical.ch\/site\/wp-json\/wp\/v2\/comments?post=723"}],"version-history":[{"count":12,"href":"https:\/\/lagomedical.ch\/site\/wp-json\/wp\/v2\/pages\/723\/revisions"}],"predecessor-version":[{"id":2593,"href":"https:\/\/lagomedical.ch\/site\/wp-json\/wp\/v2\/pages\/723\/revisions\/2593"}],"wp:attachment":[{"href":"https:\/\/lagomedical.ch\/site\/wp-json\/wp\/v2\/media?parent=723"}],"curies":[{"name":"wp","href":"https:\/\/api.w.org\/{rel}","templated":true}]}}